{"id":23,"date":"2024-03-23T12:28:23","date_gmt":"2024-03-23T12:28:23","guid":{"rendered":"https:\/\/windttechnologies.hu\/?page_id=23"},"modified":"2024-03-25T10:14:00","modified_gmt":"2024-03-25T10:14:00","slug":"tarrasch07","status":"publish","type":"page","link":"https:\/\/windttechnologies.hu\/index.php\/tarrasch07\/","title":{"rendered":"TARRASCH07"},"content":{"rendered":"<p>[et_pb_section fb_built=&#8221;1&#8243; _builder_version=&#8221;4.24.2&#8243; _module_preset=&#8221;default&#8221; use_background_color_gradient=&#8221;on&#8221; background_color_gradient_direction=&#8221;90deg&#8221; background_color_gradient_stops=&#8221;#149fda 0%|#0b2349 100%&#8221; custom_padding=&#8221;||30px|||&#8221; global_colors_info=&#8221;{}&#8221;][et_pb_row _builder_version=&#8221;4.24.2&#8243; _module_preset=&#8221;default&#8221; background_color=&#8221;#e7e7e6&#8243; width=&#8221;75%&#8221; max_width=&#8221;80%&#8221; custom_padding=&#8221;0px||3px||false|false&#8221; global_colors_info=&#8221;{}&#8221;][et_pb_column type=&#8221;4_4&#8243; _builder_version=&#8221;4.24.2&#8243; _module_preset=&#8221;default&#8221; global_colors_info=&#8221;{}&#8221;][et_pb_image src=&#8221;https:\/\/windttechnologies.hu\/wp-content\/uploads\/2024\/03\/tarrasch07-hero-header-2048&#215;537-1.jpg&#8221; title_text=&#8221;tarrasch07-hero-header-2048&#215;537&#8243; _builder_version=&#8221;4.24.2&#8243; _module_preset=&#8221;default&#8221; global_colors_info=&#8221;{}&#8221;][\/et_pb_image][et_pb_text _builder_version=&#8221;4.24.2&#8243; _module_preset=&#8221;default&#8221; header_font=&#8221;Montserrat|700|||||||&#8221; header_text_color=&#8221;#149eda&#8221; header_font_size=&#8221;35px&#8221; background_color=&#8221;#e7e7e6&#8243; custom_margin=&#8221;-39px||||false|false&#8221; custom_padding=&#8221;32px||15px|35px|false|false&#8221; global_colors_info=&#8221;{}&#8221;]<\/p>\n<h1>TARRASCH07<\/h1>\n<p>[\/et_pb_text][et_pb_text _builder_version=&#8221;4.24.2&#8243; _module_preset=&#8221;default&#8221; text_font=&#8221;Montserrat|700|||||||&#8221; text_text_color=&#8221;#0b244a&#8221; text_font_size=&#8221;17px&#8221; text_line_height=&#8221;1.5em&#8221; background_color=&#8221;#e7e7e6&#8243; custom_margin=&#8221;-50px||||false|false&#8221; custom_padding=&#8221;16px|28px|33px|35px|false|false&#8221; hover_enabled=&#8221;0&#8243; global_colors_info=&#8221;{}&#8221; sticky_enabled=&#8221;0&#8243;]<\/p>\n<p><strong>A TARRASCH 07 a GWR nanotechnol\u00f3gi\u00e1n alapul\u00f3 foly\u00e9kony halmaz\u00e1llapot\u00fa, sz\u00ednezhet\u0151, fest\u00e9kszer\u0171en felhordhat\u00f3 h\u0151szigetel\u0151 anyag, mely speci\u00e1lis tulajdons\u00e1gokkal rendelkezik. Vil\u00e1gviszonylatban unik\u00e1lis megold\u00e1s, mely kiemelked\u0151 szakmai, fejleszt\u0151i \u00e9s tesztel\u00e9si h\u00e1tt\u00e9rrel rendelkezik. Felhaszn\u00e1l\u00e1sa jelent\u0151s m\u00e9rt\u00e9kben cs\u00f6kkenti az anyagk\u00f6lts\u00e9get, a hum\u00e1ner\u0151forr\u00e1s-k\u00f6lts\u00e9get, \u00e9s az install\u00e1l\u00e1s gyorsas\u00e1g\u00e1nak k\u00f6sz\u00f6nhet\u0151en nagym\u00e9rt\u00e9kben fokozza a projektek stabilit\u00e1s\u00e1t. Ezen tulajdons\u00e1gok eredm\u00e9nyek\u00e9nt k\u00f6zvetlen \u00e9s komoly m\u00e9rt\u00e9k\u0171 hat\u00e1st gyakorol a projektek k\u00f6lts\u00e9gszintj\u00e9re, vagyis k\u00f6zvetlen\u00fcl n\u00f6veli a megrendel\u0151 \u00e1ltal megtermelhet\u0151 profitot.<\/strong><\/p>\n<p>[\/et_pb_text][\/et_pb_column][\/et_pb_row][\/et_pb_section][et_pb_section fb_built=&#8221;1&#8243; _builder_version=&#8221;4.24.2&#8243; _module_preset=&#8221;default&#8221; background_color=&#8221;#e7e7e6&#8243; custom_padding=&#8221;5px||2px|||&#8221; global_colors_info=&#8221;{}&#8221;][et_pb_row _builder_version=&#8221;4.24.2&#8243; _module_preset=&#8221;default&#8221; global_colors_info=&#8221;{}&#8221;][et_pb_column type=&#8221;4_4&#8243; _builder_version=&#8221;4.24.2&#8243; _module_preset=&#8221;default&#8221; global_colors_info=&#8221;{}&#8221;][et_pb_text _builder_version=&#8221;4.24.2&#8243; _module_preset=&#8221;default&#8221; text_font=&#8221;Montserrat||||||||&#8221; text_text_color=&#8221;#0b2349&#8243; text_font_size=&#8221;18px&#8221; text_line_height=&#8221;1.4em&#8221; hover_enabled=&#8221;0&#8243; global_colors_info=&#8221;{}&#8221; sticky_enabled=&#8221;0&#8243;]<\/p>\n<p><span>Az 1.5 mm (sz\u00e1rad\u00e1s ut\u00e1n 1 mm) vastags\u00e1g\u00fa szigetel\u00e9s, -3 \u00b0C fokn\u00e1l 10 cm hagyom\u00e1nyos polisztirol szigetel\u00e9snek felel meg, ami 9%-os energiacs\u00f6kken\u00e9st jelent. Nagyobb hideg eset\u00e9ben vastagabb polisztirol szigetel\u00e9ssel lesz egyen\u00e9rt\u00e9k\u0171 a GWR szigetel\u00e9s.<\/span><\/p>\n<p>[\/et_pb_text][\/et_pb_column][\/et_pb_row][\/et_pb_section][et_pb_section fb_built=&#8221;1&#8243; _builder_version=&#8221;4.24.2&#8243; _module_preset=&#8221;default&#8221; custom_padding=&#8221;0px||16px|||&#8221; global_colors_info=&#8221;{}&#8221;][et_pb_row _builder_version=&#8221;4.24.2&#8243; _module_preset=&#8221;default&#8221; custom_padding=&#8221;||4px|||&#8221; global_colors_info=&#8221;{}&#8221;][et_pb_column type=&#8221;4_4&#8243; _builder_version=&#8221;4.24.2&#8243; _module_preset=&#8221;default&#8221; global_colors_info=&#8221;{}&#8221;][et_pb_text _builder_version=&#8221;4.24.2&#8243; _module_preset=&#8221;default&#8221; text_font_size=&#8221;13px&#8221; header_font=&#8221;Montserrat|700|||||||&#8221; header_text_color=&#8221;#149eda&#8221; background_color=&#8221;#FFFFFF&#8221; custom_margin=&#8221;||10px|||&#8221; hover_enabled=&#8221;0&#8243; global_colors_info=&#8221;{}&#8221; sticky_enabled=&#8221;0&#8243;]<\/p>\n<h1>EGYEDI TULAJDONS\u00c1GAI A FELHASZN\u00c1L\u00c1SBAN<\/h1>\n<p>[\/et_pb_text][et_pb_divider color=&#8221;#149fda&#8221; divider_weight=&#8221;7px&#8221; _builder_version=&#8221;4.24.2&#8243; _module_preset=&#8221;default&#8221; width=&#8221;25%&#8221; global_colors_info=&#8221;{}&#8221;][\/et_pb_divider][et_pb_text _builder_version=&#8221;4.24.2&#8243; _module_preset=&#8221;default&#8221; text_font=&#8221;Montserrat||||||||&#8221; text_text_color=&#8221;#0b2349&#8243; text_font_size=&#8221;18px&#8221; text_line_height=&#8221;1.8em&#8221; hover_enabled=&#8221;0&#8243; global_colors_info=&#8221;{}&#8221; sticky_enabled=&#8221;0&#8243;]<\/p>\n<ul>\n<li>Jelent\u0151s ter\u00fcletmegtakar\u00edt\u00e1st biztos\u00edt.<\/li>\n<li>Bels\u0151 \u00e9s k\u00fcls\u0151 szigetel\u00e9sre egyar\u00e1nt alkalmas.<\/li>\n<li>Speci\u00e1lis p\u00e1ra\u00e1tereszt\u0151 k\u00e9pess\u00e9ggel b\u00edr (kellemes k\u00f6z\u00e9rzetet ny\u00fajt, megakad\u00e1lyozza a gomb\u00e1sod\u00e1st \u00e9s a sal\u00e9tromkicsap\u00f3d\u00e1st).<\/li>\n<li>Id\u0151j\u00e1r\u00e1shoz t\u00f6rt\u00e9n\u0151 nagyfok\u00fa alkalmazkod\u00e1s (t\u00e9len \u00e9s ny\u00e1ron is szigetel).<\/li>\n<li>Igazolt t\u0171z\u00e1ll\u00f3s\u00e1g.<\/li>\n<li>Sz\u00ednkorl\u00e1t n\u00e9lk\u00fcl kivitelezhet\u0151.<\/li>\n<\/ul>\n<p>[\/et_pb_text][\/et_pb_column][\/et_pb_row][\/et_pb_section][et_pb_section fb_built=&#8221;1&#8243; _builder_version=&#8221;4.24.2&#8243; _module_preset=&#8221;default&#8221; custom_padding=&#8221;0px||16px|||&#8221; global_colors_info=&#8221;{}&#8221;][et_pb_row _builder_version=&#8221;4.24.2&#8243; _module_preset=&#8221;default&#8221; custom_margin=&#8221;-25px|auto||auto||&#8221; custom_padding=&#8221;||4px|||&#8221; global_colors_info=&#8221;{}&#8221;][et_pb_column type=&#8221;4_4&#8243; _builder_version=&#8221;4.24.2&#8243; _module_preset=&#8221;default&#8221; global_colors_info=&#8221;{}&#8221;][et_pb_text _builder_version=&#8221;4.24.2&#8243; _module_preset=&#8221;default&#8221; text_font_size=&#8221;13px&#8221; header_font=&#8221;Montserrat|700|||||||&#8221; header_text_color=&#8221;#149eda&#8221; background_color=&#8221;#FFFFFF&#8221; custom_margin=&#8221;||10px|||&#8221; hover_enabled=&#8221;0&#8243; global_colors_info=&#8221;{}&#8221; custom_padding=&#8221;|||0px||&#8221; sticky_enabled=&#8221;0&#8243;]<\/p>\n<h1>EGYEDI TULAJDONS\u00c1GAI A KIVITELEZ\u00c9SBEN, LOGISZTIK\u00c1BAN<\/h1>\n<p>[\/et_pb_text][et_pb_divider color=&#8221;#149fda&#8221; divider_weight=&#8221;7px&#8221; _builder_version=&#8221;4.24.2&#8243; _module_preset=&#8221;default&#8221; width=&#8221;25%&#8221; global_colors_info=&#8221;{}&#8221;][\/et_pb_divider][et_pb_text _builder_version=&#8221;4.24.2&#8243; _module_preset=&#8221;default&#8221; text_font=&#8221;Montserrat||||||||&#8221; text_text_color=&#8221;#0b2349&#8243; text_font_size=&#8221;18px&#8221; text_line_height=&#8221;1.8em&#8221; hover_enabled=&#8221;0&#8243; global_colors_info=&#8221;{}&#8221; sticky_enabled=&#8221;0&#8243;]<\/p>\n<ul>\n<li>Sz\u00e1ll\u00edt\u00e1sa egyszer\u0171 a 20 literes v\u00f6dr\u00f6s kiszerel\u00e9snek k\u00f6sz\u00f6nhet\u0151en (20 nm).<\/li>\n<li>Kivitelez\u00e9se magass\u00e1gt\u00f3l f\u00fcgg\u0151en alpin technik\u00e1val vagy emel\u0151szerkezetes aut\u00f3val t\u00f6rt\u00e9nik, nem ig\u00e9nyel \u00e1llv\u00e1nyoz\u00e1st.<\/li>\n<li>El\u0151k\u00e9sz\u00edt\u0151 munk\u00e1latokat \u2013 a szigetelend\u0151 fel\u00fclet alapos tiszt\u00edt\u00e1s\u00e1n k\u00edv\u00fcl \u2013 nem ig\u00e9nyel. K\u00f6zvetlen\u00fcl felhordhat\u00f3 a szigetelni k\u00edv\u00e1nt fel\u00fcletre, a fel\u00fclet strukt\u00far\u00e1j\u00e1t megtartja (pl. egy d\u00f6rzs\u00f6lt vakolat szigetel\u00e9se ut\u00e1n nem v\u00e1ltoztatja a fel\u00fclet szerkezet\u00e9t).<\/li>\n<li>Kivitelez\u00e9se rendk\u00edv\u00fcl gyors \u00e9s tiszta, napi 300-600 m2 szigetel\u00e9s is felhordhat\u00f3 egy r\u00e9tegben (3 f\u0151, minimum 8 \u00f3r\u00e1s napi munkarend).<\/li>\n<li>V\u00edzleperget\u0151, moshat\u00f3, ut\u00f3lag festhet\u0151, tap\u00e9t\u00e1zhat\u00f3, kimondottan er\u0151s tapad\u00e1sa miatt ak\u00e1r l\u00e1bazatot is lehet r\u00e1 tenni.<\/li>\n<li>Teljes m\u00e9rt\u00e9kben megsz\u00fcnteti a h\u0151hidat (pl. r\u00e1fordulunk az ablakkeretre 1 cm-t, ez\u00e1ltal megsz\u0171nik a h\u0151h\u00edd, teljesen homog\u00e9n a k\u00e9sz fel\u00fclet, \u00edgy nincsenek illeszt\u00e9sek, ahol \u00e1tjutna a leveg\u0151).<\/li>\n<\/ul>\n<p>[\/et_pb_text][\/et_pb_column][\/et_pb_row][\/et_pb_section][et_pb_section fb_built=&#8221;1&#8243; _builder_version=&#8221;4.24.2&#8243; _module_preset=&#8221;default&#8221; custom_padding=&#8221;30px||16px|||&#8221; global_colors_info=&#8221;{}&#8221;][et_pb_row _builder_version=&#8221;4.24.2&#8243; _module_preset=&#8221;default&#8221; background_color=&#8221;#e7e7e6&#8243; custom_margin=&#8221;-29px|auto||auto|false|false&#8221; custom_padding=&#8221;15px|15px|15px|15px|true|true&#8221; border_width_all=&#8221;3px&#8221; global_colors_info=&#8221;{}&#8221;][et_pb_column type=&#8221;4_4&#8243; _builder_version=&#8221;4.24.2&#8243; _module_preset=&#8221;default&#8221; global_colors_info=&#8221;{}&#8221;][et_pb_text _builder_version=&#8221;4.24.2&#8243; _module_preset=&#8221;default&#8221; text_font_size=&#8221;13px&#8221; header_font=&#8221;Montserrat|700|||||||&#8221; header_text_color=&#8221;#149eda&#8221; background_color=&#8221;#e7e7e6&#8243; custom_margin=&#8221;||10px|||&#8221; global_colors_info=&#8221;{}&#8221;]<\/p>\n<h1>TARRASCH FLEX<\/h1>\n<p>[\/et_pb_text][et_pb_divider color=&#8221;#149fda&#8221; divider_weight=&#8221;7px&#8221; _builder_version=&#8221;4.24.2&#8243; _module_preset=&#8221;default&#8221; width=&#8221;25%&#8221; custom_margin=&#8221;||7px|||&#8221; global_colors_info=&#8221;{}&#8221;][\/et_pb_divider][et_pb_text _builder_version=&#8221;4.24.2&#8243; _module_preset=&#8221;default&#8221; text_font=&#8221;Montserrat||||||||&#8221; text_text_color=&#8221;#0b2349&#8243; text_font_size=&#8221;18px&#8221; text_line_height=&#8221;1.8em&#8221; hover_enabled=&#8221;0&#8243; global_colors_info=&#8221;{}&#8221; sticky_enabled=&#8221;0&#8243;]<\/p>\n<p><span>A Tarrasch Flex a GWR Nano technol\u00f3gi\u00e1n alapul\u00f3 szigetel\u0151anyag, a Tarrasch07 term\u00e9k tov\u00e1bbfejlesztett, flexibilis v\u00e1ltozata, mely az eredeti \u00e9rt\u00e9keket, tulajdons\u00e1gokat megtartva egy k\u00f6nnyebb, rugalmasabb felhaszn\u00e1l\u00e1st biztos\u00edt. A term\u00e9k az utols\u00f3 tesztel\u00e9si f\u00e1zisban van, szakmai adatainak, kond\u00edci\u00f3inak v\u00e9gleges\u00edt\u00e9se 2021. j\u00fanius 1-re v\u00e1rhat\u00f3.<\/span><\/p>\n<p>[\/et_pb_text][\/et_pb_column][\/et_pb_row][et_pb_row _builder_version=&#8221;4.24.2&#8243; _module_preset=&#8221;default&#8221; background_color=&#8221;#e7e7e6&#8243; custom_margin=&#8221;40px||||false|false&#8221; custom_padding=&#8221;15px|15px|15px|15px|true|true&#8221; border_width_all=&#8221;3px&#8221; global_colors_info=&#8221;{}&#8221;][et_pb_column type=&#8221;4_4&#8243; _builder_version=&#8221;4.24.2&#8243; _module_preset=&#8221;default&#8221; global_colors_info=&#8221;{}&#8221;][et_pb_text _builder_version=&#8221;4.24.2&#8243; _module_preset=&#8221;default&#8221; text_font_size=&#8221;13px&#8221; header_font=&#8221;Montserrat|700|||||||&#8221; header_text_color=&#8221;#149eda&#8221; background_color=&#8221;#e7e7e6&#8243; custom_margin=&#8221;||10px|||&#8221; global_colors_info=&#8221;{}&#8221;]<\/p>\n<h1>TARRASCH FIRE<\/h1>\n<p>[\/et_pb_text][et_pb_divider color=&#8221;#149fda&#8221; divider_weight=&#8221;7px&#8221; _builder_version=&#8221;4.24.2&#8243; _module_preset=&#8221;default&#8221; width=&#8221;25%&#8221; custom_margin=&#8221;||7px|||&#8221; global_colors_info=&#8221;{}&#8221;][\/et_pb_divider][et_pb_text _builder_version=&#8221;4.24.2&#8243; _module_preset=&#8221;default&#8221; text_font=&#8221;Montserrat||||||||&#8221; text_text_color=&#8221;#0b2349&#8243; text_font_size=&#8221;18px&#8221; text_line_height=&#8221;1.8em&#8221; hover_enabled=&#8221;0&#8243; global_colors_info=&#8221;{}&#8221; sticky_enabled=&#8221;0&#8243;]<\/p>\n<div class=\"vc_row wpb_row vc_row-fluid flowing-text mb-40 vc_custom_1620724311240\">\n<div class=\"wpb_column vc_column_container vc_col-sm-8 vc_col-sm-offset-2\">\n<div class=\"vc_column-inner\">\n<div class=\"wpb_wrapper\">\n<div class=\"wpb_text_column wpb_content_element  vc_custom_1621516865862\">\n<div class=\"wpb_wrapper\">\n<p>A Tarrasch Fire a GWR Nano technol\u00f3gi\u00e1n alapul\u00f3 szigetel\u0151anyag, a Tarrasch07 term\u00e9k tov\u00e1bb fejlesztett, extr\u00e9m t\u0171z\u00e1ll\u00f3 tulajdons\u00e1ggal rendelkez\u0151 v\u00e1ltozata, mely az eredeti \u00e9rt\u00e9keket, tulajdons\u00e1gokat megtartva speci\u00e1lis ter\u00fcleteken t\u00f6rt\u00e9n\u0151 felhaszn\u00e1l\u00e1sra alkalmas. A term\u00e9k az utols\u00f3 tesztel\u00e9si f\u00e1zisban van, szakmai adatainak, kond\u00edci\u00f3inak v\u00e9gleges\u00edt\u00e9se 2021. szeptember 1-re v\u00e1rhat\u00f3.<\/p>\n<\/div>\n<\/div>\n<\/div>\n<\/div>\n<\/div>\n<\/div>\n<div data-vc-full-width=\"true\" data-vc-full-width-init=\"true\" class=\"vc_row wpb_row vc_row-fluid tarrasch-row vc_custom_1621519362052\">\n<div class=\"wpb_column vc_column_container vc_col-sm-8 vc_col-sm-offset-2\">\n<div class=\"vc_column-inner\">\n<div class=\"wpb_wrapper\"><\/div>\n<\/div>\n<\/div>\n<\/div>\n<p>[\/et_pb_text][\/et_pb_column][\/et_pb_row][\/et_pb_section][et_pb_section fb_built=&#8221;1&#8243; _builder_version=&#8221;4.24.2&#8243; _module_preset=&#8221;default&#8221; custom_padding=&#8221;0px||16px|||&#8221; global_colors_info=&#8221;{}&#8221;][et_pb_row _builder_version=&#8221;4.24.2&#8243; _module_preset=&#8221;default&#8221; width=&#8221;100%&#8221; max_width=&#8221;100%&#8221; global_colors_info=&#8221;{}&#8221;][et_pb_column type=&#8221;4_4&#8243; _builder_version=&#8221;4.24.2&#8243; _module_preset=&#8221;default&#8221; global_colors_info=&#8221;{}&#8221;][et_pb_image src=&#8221;https:\/\/windttechnologies.hu\/wp-content\/uploads\/2024\/03\/banner-gwr-copy-1.jpg&#8221; title_text=&#8221;banner-gwr copy&#8221; align=&#8221;right&#8221; _builder_version=&#8221;4.24.2&#8243; _module_preset=&#8221;default&#8221; custom_margin=&#8221;|-179px|||false|false&#8221; global_colors_info=&#8221;{}&#8221;][\/et_pb_image][\/et_pb_column][\/et_pb_row][\/et_pb_section]<\/p>\n","protected":false},"excerpt":{"rendered":"<p>TARRASCH07A TARRASCH 07 a GWR nanotechnol\u00f3gi\u00e1n alapul\u00f3 foly\u00e9kony halmaz\u00e1llapot\u00fa, sz\u00ednezhet\u0151, fest\u00e9kszer\u0171en felhordhat\u00f3 h\u0151szigetel\u0151 anyag, mely speci\u00e1lis tulajdons\u00e1gokkal rendelkezik. Vil\u00e1gviszonylatban unik\u00e1lis megold\u00e1s, mely kiemelked\u0151 szakmai, fejleszt\u0151i \u00e9s tesztel\u00e9si h\u00e1tt\u00e9rrel rendelkezik. Felhaszn\u00e1l\u00e1sa jelent\u0151s m\u00e9rt\u00e9kben cs\u00f6kkenti az anyagk\u00f6lts\u00e9get, a hum\u00e1ner\u0151forr\u00e1s-k\u00f6lts\u00e9get, \u00e9s az install\u00e1l\u00e1s gyorsas\u00e1g\u00e1nak k\u00f6sz\u00f6nhet\u0151en nagym\u00e9rt\u00e9kben fokozza a projektek stabilit\u00e1s\u00e1t. Ezen tulajdons\u00e1gok eredm\u00e9nyek\u00e9nt k\u00f6zvetlen \u00e9s komoly m\u00e9rt\u00e9k\u0171 hat\u00e1st [&hellip;]<\/p>\n","protected":false},"author":1,"featured_media":0,"parent":0,"menu_order":0,"comment_status":"closed","ping_status":"closed","template":"","meta":{"_et_pb_use_builder":"on","_et_pb_old_content":"<!-- wp:divi\/placeholder \/-->","_et_gb_content_width":"","footnotes":""},"class_list":["post-23","page","type-page","status-publish","hentry"],"_links":{"self":[{"href":"https:\/\/windttechnologies.hu\/index.php\/wp-json\/wp\/v2\/pages\/23","targetHints":{"allow":["GET"]}}],"collection":[{"href":"https:\/\/windttechnologies.hu\/index.php\/wp-json\/wp\/v2\/pages"}],"about":[{"href":"https:\/\/windttechnologies.hu\/index.php\/wp-json\/wp\/v2\/types\/page"}],"author":[{"embeddable":true,"href":"https:\/\/windttechnologies.hu\/index.php\/wp-json\/wp\/v2\/users\/1"}],"replies":[{"embeddable":true,"href":"https:\/\/windttechnologies.hu\/index.php\/wp-json\/wp\/v2\/comments?post=23"}],"version-history":[{"count":7,"href":"https:\/\/windttechnologies.hu\/index.php\/wp-json\/wp\/v2\/pages\/23\/revisions"}],"predecessor-version":[{"id":132,"href":"https:\/\/windttechnologies.hu\/index.php\/wp-json\/wp\/v2\/pages\/23\/revisions\/132"}],"wp:attachment":[{"href":"https:\/\/windttechnologies.hu\/index.php\/wp-json\/wp\/v2\/media?parent=23"}],"curies":[{"name":"wp","href":"https:\/\/api.w.org\/{rel}","templated":true}]}}