{"id":21,"date":"2024-03-23T12:27:39","date_gmt":"2024-03-23T12:27:39","guid":{"rendered":"https:\/\/windttechnologies.hu\/?page_id=21"},"modified":"2024-04-24T15:09:40","modified_gmt":"2024-04-24T15:09:40","slug":"gwr-insulation","status":"publish","type":"page","link":"https:\/\/windttechnologies.hu\/index.php\/gwr-insulation\/","title":{"rendered":"GWR INSULATION"},"content":{"rendered":"<p>[et_pb_section fb_built=&#8221;1&#8243; _builder_version=&#8221;4.24.2&#8243; _module_preset=&#8221;default&#8221; use_background_color_gradient=&#8221;on&#8221; background_color_gradient_direction=&#8221;90deg&#8221; background_color_gradient_stops=&#8221;#149fda 0%|#0b2349 100%&#8221; custom_padding=&#8221;||30px|||&#8221; global_colors_info=&#8221;{}&#8221;][et_pb_row _builder_version=&#8221;4.24.2&#8243; _module_preset=&#8221;default&#8221; background_color=&#8221;#e7e7e6&#8243; width=&#8221;75%&#8221; max_width=&#8221;80%&#8221; custom_padding=&#8221;0px||||false|false&#8221; global_colors_info=&#8221;{}&#8221;][et_pb_column type=&#8221;4_4&#8243; _builder_version=&#8221;4.24.2&#8243; _module_preset=&#8221;default&#8221; global_colors_info=&#8221;{}&#8221;][et_pb_image src=&#8221;https:\/\/windttechnologies.hu\/wp-content\/uploads\/2024\/03\/GWR-insulation.jpg&#8221; title_text=&#8221;GWR-insulation&#8221; _builder_version=&#8221;4.24.2&#8243; _module_preset=&#8221;default&#8221; global_colors_info=&#8221;{}&#8221;][\/et_pb_image][et_pb_text _builder_version=&#8221;4.24.2&#8243; _module_preset=&#8221;default&#8221; header_font=&#8221;Montserrat|700|||||||&#8221; header_text_color=&#8221;#149eda&#8221; header_font_size=&#8221;35px&#8221; background_color=&#8221;#e7e7e6&#8243; custom_margin=&#8221;-39px||||false|false&#8221; custom_padding=&#8221;32px||15px|35px|false|false&#8221; global_colors_info=&#8221;{}&#8221;]<\/p>\n<h1>GWR INSULATION<\/h1>\n<p>[\/et_pb_text][et_pb_text _builder_version=&#8221;4.24.2&#8243; _module_preset=&#8221;default&#8221; header_font=&#8221;Montserrat|700|||||||&#8221; header_text_color=&#8221;#0b244a&#8221; header_font_size=&#8221;26px&#8221; background_color=&#8221;#e7e7e6&#8243; custom_margin=&#8221;-39px||||false|false&#8221; custom_padding=&#8221;5px||3px|35px|false|false&#8221; hover_enabled=&#8221;0&#8243; global_colors_info=&#8221;{}&#8221; sticky_enabled=&#8221;0&#8243;]<\/p>\n<h1>A GWR NANO TECHNOLOGIA<\/h1>\n<p>[\/et_pb_text][et_pb_text _builder_version=&#8221;4.24.2&#8243; _module_preset=&#8221;default&#8221; text_font=&#8221;Montserrat|700|||||||&#8221; text_text_color=&#8221;#0b244a&#8221; text_font_size=&#8221;17px&#8221; text_line_height=&#8221;1.5em&#8221; background_color=&#8221;#e7e7e6&#8243; custom_margin=&#8221;-50px||||false|false&#8221; custom_padding=&#8221;23px|28px|33px|35px|false|false&#8221; global_colors_info=&#8221;{}&#8221;]<\/p>\n<p><strong>A GWR Nano a Windt Technologies alap technol\u00f3gi\u00e1ja, mely az \u00e9vtizedeken kereszt\u00fcl az extr\u00e9m id\u0151j\u00e1r\u00e1si k\u00f6r\u00fclm\u00e9nyek k\u00f6z\u00f6tt, els\u0151sorban a hadiiparban alkalmazott szigetel\u0151anyag tov\u00e1bb fejleszt\u00e9s\u00e9t v\u00e9gzi, mely seg\u00edts\u00e9g\u00e9vel ma m\u00e1r a c\u00e9g megold\u00e1sait t\u00f6bb kontinensen alkalmaznak pr\u00e9mium \u00e9p\u00fcletek, l\u00e9tes\u00edtm\u00e9nyek szigetel\u00e9s\u00e9re ott, ahol kiemelten fontos a szigetel\u00e9si biztons\u00e1g fenntart\u00e1sa, id\u0151j\u00e1r\u00e1si k\u00f6r\u00fclm\u00e9nyekt\u0151l f\u00fcggetlen\u00fcl.<\/strong><\/p>\n<p>[\/et_pb_text][\/et_pb_column][\/et_pb_row][\/et_pb_section][et_pb_section fb_built=&#8221;1&#8243; _builder_version=&#8221;4.24.2&#8243; _module_preset=&#8221;default&#8221; background_color=&#8221;#e7e7e6&#8243; custom_padding=&#8221;5px||2px|||&#8221; global_colors_info=&#8221;{}&#8221;][et_pb_row _builder_version=&#8221;4.24.2&#8243; _module_preset=&#8221;default&#8221; global_colors_info=&#8221;{}&#8221;][et_pb_column type=&#8221;4_4&#8243; _builder_version=&#8221;4.24.2&#8243; _module_preset=&#8221;default&#8221; global_colors_info=&#8221;{}&#8221;][et_pb_text _builder_version=&#8221;4.24.2&#8243; _module_preset=&#8221;default&#8221; text_font=&#8221;Montserrat||||||||&#8221; text_text_color=&#8221;#0b2349&#8243; text_font_size=&#8221;18px&#8221; text_line_height=&#8221;1.4em&#8221; global_colors_info=&#8221;{}&#8221;]<\/p>\n<p><span>A GWR Nano egy foly\u00e9kony halmaz\u00e1llapot\u00fa, sz\u00ednezhet\u0151, fest\u00e9kszer\u0171en felhordhat\u00f3 h\u0151szigetel\u0151 anyag, mely speci\u00e1lis tulajdons\u00e1gokkal rendelkezik. Vil\u00e1gviszonylatban unik\u00e1lis megold\u00e1s, mely kiemelked\u0151 szakmai, fejleszt\u0151i \u00e9s tesztel\u00e9si h\u00e1tt\u00e9rrel rendelkezik. Felhaszn\u00e1l\u00e1sa jelent\u0151s m\u00e9rt\u00e9kben cs\u00f6kkenti az anyagk\u00f6lts\u00e9get, a hum\u00e1ner\u0151forr\u00e1s-k\u00f6lts\u00e9get, \u00e9s az install\u00e1l\u00e1s gyorsas\u00e1g\u00e1nak k\u00f6sz\u00f6nhet\u0151en a projektek stabilit\u00e1s\u00e1t nagym\u00e9rt\u00e9kben fokozza. Ezen tulajdons\u00e1goknak k\u00f6sz\u00f6nhet\u0151en k\u00f6zvetlen \u00e9s komoly m\u00e9rt\u00e9k\u0171 hat\u00e1st gyakorol a projekt k\u00f6lts\u00e9gszintj\u00e9re, vagyis direktben n\u00f6veli a megrendel\u0151 \u00e1ltal megtermelhet\u0151 profitot. A GWR Nano biztos\u00edtja a Wind Technlogies fejleszt\u00e9sek alapj\u00e1t, a tesztel\u00e9si k\u00f6rnyezet fel\u00e9p\u00edt\u00e9s\u00e9t, \u00e9s megb\u00edzhat\u00f3 fenntart\u00e1s\u00e1t.<\/span><\/p>\n<p>[\/et_pb_text][\/et_pb_column][\/et_pb_row][\/et_pb_section][et_pb_section fb_built=&#8221;1&#8243; _builder_version=&#8221;4.24.2&#8243; _module_preset=&#8221;default&#8221; custom_padding=&#8221;0px||16px|||&#8221; global_colors_info=&#8221;{}&#8221;][et_pb_row _builder_version=&#8221;4.24.2&#8243; _module_preset=&#8221;default&#8221; width=&#8221;100%&#8221; max_width=&#8221;100%&#8221; global_colors_info=&#8221;{}&#8221;][et_pb_column type=&#8221;4_4&#8243; _builder_version=&#8221;4.24.2&#8243; _module_preset=&#8221;default&#8221; global_colors_info=&#8221;{}&#8221;][et_pb_image src=&#8221;https:\/\/windttechnologies.hu\/wp-content\/uploads\/2024\/03\/banner-gwr-1.jpg&#8221; title_text=&#8221;banner-gwr&#8221; align=&#8221;right&#8221; _builder_version=&#8221;4.24.2&#8243; _module_preset=&#8221;default&#8221; custom_margin=&#8221;|-179px|||false|false&#8221; global_colors_info=&#8221;{}&#8221;][\/et_pb_image][\/et_pb_column][\/et_pb_row][\/et_pb_section]<\/p>\n","protected":false},"excerpt":{"rendered":"<p>GWR INSULATIONA GWR NANO TECHNOLOGIAA GWR Nano a Windt Technologies alap technol\u00f3gi\u00e1ja, mely az \u00e9vtizedeken kereszt\u00fcl az extr\u00e9m id\u0151j\u00e1r\u00e1si k\u00f6r\u00fclm\u00e9nyek k\u00f6z\u00f6tt, els\u0151sorban a hadiiparban alkalmazott szigetel\u0151anyag tov\u00e1bb fejleszt\u00e9s\u00e9t v\u00e9gzi, mely seg\u00edts\u00e9g\u00e9vel ma m\u00e1r a c\u00e9g megold\u00e1sait t\u00f6bb kontinensen alkalmaznak pr\u00e9mium \u00e9p\u00fcletek, l\u00e9tes\u00edtm\u00e9nyek szigetel\u00e9s\u00e9re ott, ahol kiemelten fontos a szigetel\u00e9si biztons\u00e1g fenntart\u00e1sa, id\u0151j\u00e1r\u00e1si k\u00f6r\u00fclm\u00e9nyekt\u0151l f\u00fcggetlen\u00fcl.A GWR [&hellip;]<\/p>\n","protected":false},"author":1,"featured_media":0,"parent":0,"menu_order":0,"comment_status":"closed","ping_status":"closed","template":"","meta":{"_et_pb_use_builder":"on","_et_pb_old_content":"<!-- wp:divi\/placeholder \/-->","_et_gb_content_width":"","footnotes":""},"class_list":["post-21","page","type-page","status-publish","hentry"],"_links":{"self":[{"href":"https:\/\/windttechnologies.hu\/index.php\/wp-json\/wp\/v2\/pages\/21","targetHints":{"allow":["GET"]}}],"collection":[{"href":"https:\/\/windttechnologies.hu\/index.php\/wp-json\/wp\/v2\/pages"}],"about":[{"href":"https:\/\/windttechnologies.hu\/index.php\/wp-json\/wp\/v2\/types\/page"}],"author":[{"embeddable":true,"href":"https:\/\/windttechnologies.hu\/index.php\/wp-json\/wp\/v2\/users\/1"}],"replies":[{"embeddable":true,"href":"https:\/\/windttechnologies.hu\/index.php\/wp-json\/wp\/v2\/comments?post=21"}],"version-history":[{"count":6,"href":"https:\/\/windttechnologies.hu\/index.php\/wp-json\/wp\/v2\/pages\/21\/revisions"}],"predecessor-version":[{"id":153,"href":"https:\/\/windttechnologies.hu\/index.php\/wp-json\/wp\/v2\/pages\/21\/revisions\/153"}],"wp:attachment":[{"href":"https:\/\/windttechnologies.hu\/index.php\/wp-json\/wp\/v2\/media?parent=21"}],"curies":[{"name":"wp","href":"https:\/\/api.w.org\/{rel}","templated":true}]}}