{"id":19,"date":"2024-03-23T12:26:55","date_gmt":"2024-03-23T12:26:55","guid":{"rendered":"https:\/\/windttechnologies.hu\/?page_id=19"},"modified":"2024-04-24T15:07:15","modified_gmt":"2024-04-24T15:07:15","slug":"knowledge","status":"publish","type":"page","link":"https:\/\/windttechnologies.hu\/index.php\/knowledge\/","title":{"rendered":"KNOWLEDGE"},"content":{"rendered":"<p>[et_pb_section fb_built=&#8221;1&#8243; _builder_version=&#8221;4.24.2&#8243; _module_preset=&#8221;default&#8221; use_background_color_gradient=&#8221;on&#8221; background_color_gradient_direction=&#8221;90deg&#8221; background_color_gradient_stops=&#8221;#149fda 0%|#0b2349 100%&#8221; custom_padding=&#8221;||30px|||&#8221; global_colors_info=&#8221;{}&#8221;][et_pb_row _builder_version=&#8221;4.24.2&#8243; _module_preset=&#8221;default&#8221; background_color=&#8221;#e7e7e6&#8243; width=&#8221;75%&#8221; max_width=&#8221;80%&#8221; custom_padding=&#8221;0px||||false|false&#8221; global_colors_info=&#8221;{}&#8221;][et_pb_column type=&#8221;4_4&#8243; _builder_version=&#8221;4.24.2&#8243; _module_preset=&#8221;default&#8221; global_colors_info=&#8221;{}&#8221;][et_pb_image src=&#8221;https:\/\/windttechnologies.hu\/wp-content\/uploads\/2024\/03\/windt-technologies-hero-header-2048&#215;537-1.jpg&#8221; title_text=&#8221;windt-technologies-hero-header-2048&#215;537&#8243; _builder_version=&#8221;4.24.2&#8243; _module_preset=&#8221;default&#8221; global_colors_info=&#8221;{}&#8221;][\/et_pb_image][et_pb_text _builder_version=&#8221;4.24.2&#8243; _module_preset=&#8221;default&#8221; header_font=&#8221;Montserrat|700|||||||&#8221; header_text_color=&#8221;#149eda&#8221; header_font_size=&#8221;35px&#8221; background_color=&#8221;#e7e7e6&#8243; custom_margin=&#8221;-39px||||false|false&#8221; custom_padding=&#8221;32px||15px|35px|false|false&#8221; global_colors_info=&#8221;{}&#8221;]<\/p>\n<h1>KNOWLEDGE<\/h1>\n<p>[\/et_pb_text][et_pb_text _builder_version=&#8221;4.24.2&#8243; _module_preset=&#8221;default&#8221; text_font=&#8221;Montserrat|700|||||||&#8221; text_text_color=&#8221;#0b244a&#8221; text_font_size=&#8221;17px&#8221; text_line_height=&#8221;1.5em&#8221; background_color=&#8221;#e7e7e6&#8243; custom_margin=&#8221;-50px||||false|false&#8221; custom_padding=&#8221;23px|28px|33px|35px|false|false&#8221; global_colors_info=&#8221;{}&#8221;]<\/p>\n<p><strong>A Windt Technologies fejleszt\u00e9sek vil\u00e1gviszonylatban is unik\u00e1lisak. Ez a t\u00e9ny komoly kih\u00edv\u00e1st jelent a hiteles\u00edt\u00e9sek \u00e9s a tesztel\u00e9sek ter\u00fclet\u00e9n, hiszen a hagyom\u00e1nyos m\u00e9r\u00e9si m\u00f3dszerek, hiteles\u00edt\u00e9si elj\u00e1r\u00e1sok, tesztfolyamatok nem alkalmazhat\u00f3k a term\u00e9kek eset\u00e9ben.<\/strong><\/p>\n<p>[\/et_pb_text][\/et_pb_column][\/et_pb_row][\/et_pb_section][et_pb_section fb_built=&#8221;1&#8243; _builder_version=&#8221;4.24.2&#8243; _module_preset=&#8221;default&#8221; background_color=&#8221;#e7e7e6&#8243; custom_padding=&#8221;5px||2px|||&#8221; global_colors_info=&#8221;{}&#8221;][et_pb_row _builder_version=&#8221;4.24.2&#8243; _module_preset=&#8221;default&#8221; global_colors_info=&#8221;{}&#8221;][et_pb_column type=&#8221;4_4&#8243; _builder_version=&#8221;4.24.2&#8243; _module_preset=&#8221;default&#8221; global_colors_info=&#8221;{}&#8221;][et_pb_text _builder_version=&#8221;4.24.2&#8243; _module_preset=&#8221;default&#8221; text_font=&#8221;Montserrat||||||||&#8221; text_text_color=&#8221;#0b2349&#8243; text_font_size=&#8221;18px&#8221; text_line_height=&#8221;1.4em&#8221; global_colors_info=&#8221;{}&#8221;]<\/p>\n<p style=\"text-align: left;\"><span>A c\u00e9g sz\u00e1m\u00e1ra viszont kritikusan fontos, hogy minden term\u00e9ke egy\u00e9rtelm\u0171, a piaci szerepl\u0151k sz\u00e1m\u00e1ra is j\u00f3l \u00e9rthet\u0151 \u00e9s tervezhet\u0151 szigetel\u00e9si mutat\u00f3kkal rendelkezzen. Ennek ok\u00e1n a c\u00e9g, szoros egy\u00fcttm\u0171k\u00f6d\u00e9sben a n\u00e9metorsz\u00e1gi T\u00dcV-S\u00dcD-del, saj\u00e1t tesztel\u00e9si metodik\u00e1t \u00e9p\u00edtett fel, majd fogadtatott el, melynek l\u00e9nyege, hogy a hagyom\u00e1nyos szigetel\u0151anyagok szigetel\u0151k\u00e9pess\u00e9g\u00e9hez viszony\u00edtva egzakt \u00e9rt\u00e9keket tudjanak meghat\u00e1rozni, majd hiteles\u00edttetni. Minden tesztfolyamat eset\u00e9n szerz\u0151d\u00f6tt, k\u00fcls\u0151 m\u00e9rn\u00f6ki csapat, a T\u00dcV-S\u00dcD \u00e9s a Windt Technologies szakemberei egy\u00fctt ellen\u0151rzik online 24 \u00f3r\u00e1s el\u00e9rhet\u0151s\u00e9ggel a szigetel\u0151anyag teljes\u00edtm\u00e9ny\u00e9t. Az \u00edgy kapott \u00e9rt\u00e9keket azt\u00e1n az k\u00fcls\u0151 m\u00e9rn\u00f6k partner \u00e9s a T\u00dcV-S\u00dcD is hiteles\u00edti, \u00edgy biztos\u00edtva a Windt Technologies term\u00e9kek nemzetk\u00f6zi standardekkel t\u00f6rt\u00e9n\u0151 \u00f6sszehasonl\u00edt\u00e1s\u00e1nak lehet\u0151s\u00e9g\u00e9t. A tesztek folyamatosan zajlanak, ez alapfelt\u00e9tele minden \u00faj term\u00e9k piacra t\u00f6rt\u00e9n\u0151 kihozatal\u00e1nak.<\/span><\/p>\n<p>[\/et_pb_text][\/et_pb_column][\/et_pb_row][\/et_pb_section][et_pb_section fb_built=&#8221;1&#8243; _builder_version=&#8221;4.24.2&#8243; _module_preset=&#8221;default&#8221; custom_padding=&#8221;0px||16px|||&#8221; global_colors_info=&#8221;{}&#8221;][et_pb_row _builder_version=&#8221;4.24.2&#8243; _module_preset=&#8221;default&#8221; global_colors_info=&#8221;{}&#8221;][et_pb_column type=&#8221;4_4&#8243; _builder_version=&#8221;4.24.2&#8243; _module_preset=&#8221;default&#8221; global_colors_info=&#8221;{}&#8221;][et_pb_text _builder_version=&#8221;4.24.2&#8243; _module_preset=&#8221;default&#8221; text_font=&#8221;Montserrat||||||||&#8221; text_text_color=&#8221;#0b2349&#8243; text_font_size=&#8221;16px&#8221; text_line_height=&#8221;1.9em&#8221; hover_enabled=&#8221;0&#8243; global_colors_info=&#8221;{}&#8221; sticky_enabled=&#8221;0&#8243;]<\/p>\n<div class=\"wpb_text_column wpb_content_element \">\n<div class=\"wpb_wrapper\">\n<div class=\"wpb_text_column wpb_content_element \">\n<div class=\"wpb_wrapper\">\n<p>Az alapterm\u00e9k, a GWR Nano tesztel\u00e9s\u00e9r\u0151l, annak metodik\u00e1j\u00e1r\u00f3l az al\u00e1bbi dokumentumban olvashat b\u0151vebben.<br \/>A tesztel\u00e9s folyamat\u00e1nak megismer\u00e9s\u00e9hez tekintse meg az al\u00e1bbi vide\u00f3t.<\/p>\n<\/div>\n<\/div>\n<div class=\"wpb_video_widget wpb_content_element vc_clearfix   vc_video-aspect-ratio-169 vc_video-el-width-100 vc_video-align-left\">\n<div class=\"wpb_wrapper\"><\/div>\n<\/div>\n<\/div>\n<\/div>\n<p>[\/et_pb_text][et_pb_video src=&#8221;https:\/\/vimeo.com\/546472418&#8243; _builder_version=&#8221;4.24.2&#8243; _module_preset=&#8221;default&#8221; global_colors_info=&#8221;{}&#8221;][\/et_pb_video][\/et_pb_column][\/et_pb_row][\/et_pb_section]<\/p>\n","protected":false},"excerpt":{"rendered":"<p>KNOWLEDGEA Windt Technologies fejleszt\u00e9sek vil\u00e1gviszonylatban is unik\u00e1lisak. Ez a t\u00e9ny komoly kih\u00edv\u00e1st jelent a hiteles\u00edt\u00e9sek \u00e9s a tesztel\u00e9sek ter\u00fclet\u00e9n, hiszen a hagyom\u00e1nyos m\u00e9r\u00e9si m\u00f3dszerek, hiteles\u00edt\u00e9si elj\u00e1r\u00e1sok, tesztfolyamatok nem alkalmazhat\u00f3k a term\u00e9kek eset\u00e9ben.A c\u00e9g sz\u00e1m\u00e1ra viszont kritikusan fontos, hogy minden term\u00e9ke egy\u00e9rtelm\u0171, a piaci szerepl\u0151k sz\u00e1m\u00e1ra is j\u00f3l \u00e9rthet\u0151 \u00e9s tervezhet\u0151 szigetel\u00e9si mutat\u00f3kkal rendelkezzen. Ennek ok\u00e1n [&hellip;]<\/p>\n","protected":false},"author":1,"featured_media":0,"parent":0,"menu_order":0,"comment_status":"closed","ping_status":"closed","template":"","meta":{"_et_pb_use_builder":"on","_et_pb_old_content":"<!-- wp:divi\/placeholder \/-->","_et_gb_content_width":"","footnotes":""},"class_list":["post-19","page","type-page","status-publish","hentry"],"_links":{"self":[{"href":"https:\/\/windttechnologies.hu\/index.php\/wp-json\/wp\/v2\/pages\/19","targetHints":{"allow":["GET"]}}],"collection":[{"href":"https:\/\/windttechnologies.hu\/index.php\/wp-json\/wp\/v2\/pages"}],"about":[{"href":"https:\/\/windttechnologies.hu\/index.php\/wp-json\/wp\/v2\/types\/page"}],"author":[{"embeddable":true,"href":"https:\/\/windttechnologies.hu\/index.php\/wp-json\/wp\/v2\/users\/1"}],"replies":[{"embeddable":true,"href":"https:\/\/windttechnologies.hu\/index.php\/wp-json\/wp\/v2\/comments?post=19"}],"version-history":[{"count":5,"href":"https:\/\/windttechnologies.hu\/index.php\/wp-json\/wp\/v2\/pages\/19\/revisions"}],"predecessor-version":[{"id":152,"href":"https:\/\/windttechnologies.hu\/index.php\/wp-json\/wp\/v2\/pages\/19\/revisions\/152"}],"wp:attachment":[{"href":"https:\/\/windttechnologies.hu\/index.php\/wp-json\/wp\/v2\/media?parent=19"}],"curies":[{"name":"wp","href":"https:\/\/api.w.org\/{rel}","templated":true}]}}