{"id":16,"date":"2024-03-23T12:25:28","date_gmt":"2024-03-23T12:25:28","guid":{"rendered":"https:\/\/windttechnologies.hu\/?page_id=16"},"modified":"2024-03-25T14:01:53","modified_gmt":"2024-03-25T14:01:53","slug":"windt-technologies","status":"publish","type":"page","link":"https:\/\/windttechnologies.hu\/index.php\/windt-technologies\/","title":{"rendered":"WINDT TECHNOLOGIES"},"content":{"rendered":"\n[et_pb_section fb_built=&#8221;1&#8243; _builder_version=&#8221;4.24.2&#8243; _module_preset=&#8221;default&#8221; use_background_color_gradient=&#8221;on&#8221; background_color_gradient_direction=&#8221;90deg&#8221; background_color_gradient_stops=&#8221;#149fda 0%|#0b2349 100%&#8221; custom_padding=&#8221;||30px|||&#8221; global_colors_info=&#8221;{}&#8221;][et_pb_row _builder_version=&#8221;4.24.2&#8243; _module_preset=&#8221;default&#8221; background_color=&#8221;#e7e7e6&#8243; width=&#8221;75%&#8221; max_width=&#8221;80%&#8221; custom_padding=&#8221;0px||||false|false&#8221; global_colors_info=&#8221;{}&#8221;][et_pb_column type=&#8221;4_4&#8243; _builder_version=&#8221;4.24.2&#8243; _module_preset=&#8221;default&#8221; global_colors_info=&#8221;{}&#8221;][et_pb_image src=&#8221;https:\/\/windttechnologies.hu\/wp-content\/uploads\/2024\/03\/windt-technologies-hero-header-2048&#215;537-1.jpg&#8221; title_text=&#8221;windt-technologies-hero-header-2048&#215;537&#8243; _builder_version=&#8221;4.24.2&#8243; _module_preset=&#8221;default&#8221; global_colors_info=&#8221;{}&#8221;][\/et_pb_image][et_pb_text _builder_version=&#8221;4.24.2&#8243; _module_preset=&#8221;default&#8221; header_font=&#8221;Montserrat|700|||||||&#8221; header_text_color=&#8221;#149eda&#8221; header_font_size=&#8221;35px&#8221; background_color=&#8221;#e7e7e6&#8243; custom_margin=&#8221;-39px||||false|false&#8221; custom_padding=&#8221;32px||15px|35px|false|false&#8221; global_colors_info=&#8221;{}&#8221;]<h1>WINDT TECHNOLOGIES<\/h1>[\/et_pb_text][et_pb_text _builder_version=&#8221;4.24.2&#8243; _module_preset=&#8221;default&#8221; text_font=&#8221;Montserrat|700|||||||&#8221; text_text_color=&#8221;#0b244a&#8221; text_font_size=&#8221;17px&#8221; text_line_height=&#8221;1.5em&#8221; background_color=&#8221;#e7e7e6&#8243; custom_margin=&#8221;-50px||||false|false&#8221; custom_padding=&#8221;23px|28px|33px|35px|false|false&#8221; hover_enabled=&#8221;0&#8243; global_colors_info=&#8221;{}&#8221; sticky_enabled=&#8221;0&#8243;]<p><strong>A WINDT TECHNOLOGIES nanotechnol\u00f3giai fejleszt\u00e9sekkel, egyedi szigetel\u0151anyagok kutat\u00e1s\u00e1val, tesztel\u00e9s\u00e9vel \u00e9s el\u0151\u00e1ll\u00edt\u00e1s\u00e1val foglalkozik. A magyarorsz\u00e1gi k\u00f6zpont\u00fa c\u00e9g 2014-ben kiz\u00e1r\u00f3lagos gy\u00e1rt\u00e1si jogot szerzett a t\u00f6bb orsz\u00e1g hadiipar\u00e1ban m\u00e1r \u00e9vtizedek \u00f3ta alkalmazott nanotechnol\u00f3giai alapanyagra, mely vil\u00e1gviszonylatban akkor m\u00e9g ismeretlen volt, viszont a hagyom\u00e1nyos szigetel\u0151anyagokhoz k\u00e9pest egy teljesen m\u00e1s min\u0151s\u00e9get, hat\u00e9konys\u00e1got, felhaszn\u00e1l\u00e1si lehet\u0151s\u00e9get biztos\u00edtott.<\/strong><\/p>[\/et_pb_text][\/et_pb_column][\/et_pb_row][\/et_pb_section][et_pb_section fb_built=&#8221;1&#8243; _builder_version=&#8221;4.24.2&#8243; _module_preset=&#8221;default&#8221; background_color=&#8221;#e7e7e6&#8243; custom_padding=&#8221;5px||2px|||&#8221; global_colors_info=&#8221;{}&#8221;][et_pb_row _builder_version=&#8221;4.24.2&#8243; _module_preset=&#8221;default&#8221; global_colors_info=&#8221;{}&#8221;][et_pb_column type=&#8221;4_4&#8243; _builder_version=&#8221;4.24.2&#8243; _module_preset=&#8221;default&#8221; global_colors_info=&#8221;{}&#8221;][et_pb_text _builder_version=&#8221;4.24.2&#8243; _module_preset=&#8221;default&#8221; text_font=&#8221;Montserrat||||||||&#8221; text_text_color=&#8221;#0b2349&#8243; text_font_size=&#8221;18px&#8221; text_line_height=&#8221;1.4em&#8221; hover_enabled=&#8221;0&#8243; global_colors_info=&#8221;{}&#8221; sticky_enabled=&#8221;0&#8243;]<p><span>A Windt Technologies n\u00e9gy\u00e9ves kutat\u00e1st ind\u00edtott, egy\u00fcttm\u0171k\u00f6dve kvalifik\u00e1lt m\u00e9rn\u00f6k\u00f6kkel, tan\u00e1csad\u00f3kkal, \u00e9s a hiteles\u00edt\u00e9s ter\u00fclet\u00e9n egy\u00e9rtelm\u0171en meghat\u00e1roz\u00f3 \u00e9s vil\u00e1gviszonylatban a legelismertebbek k\u00f6z\u00e9 tartoz\u00f3 hiteles\u00edt\u00e9si k\u00f6zponttal, a n\u00e9met T\u00dcV-S\u00dcD-del. A c\u00e9g fejleszt\u00e9seinek k\u00f6z\u00e9ppontj\u00e1ban k\u00e9t faktor \u00e1ll.<\/span><\/p>[\/et_pb_text][\/et_pb_column][\/et_pb_row][\/et_pb_section][et_pb_section fb_built=&#8221;1&#8243; _builder_version=&#8221;4.24.2&#8243; _module_preset=&#8221;default&#8221; custom_padding=&#8221;0px||16px|||&#8221; global_colors_info=&#8221;{}&#8221;][et_pb_row _builder_version=&#8221;4.24.2&#8243; _module_preset=&#8221;default&#8221; global_colors_info=&#8221;{}&#8221;][et_pb_column type=&#8221;4_4&#8243; _builder_version=&#8221;4.24.2&#8243; _module_preset=&#8221;default&#8221; global_colors_info=&#8221;{}&#8221;][et_pb_text _builder_version=&#8221;4.24.2&#8243; _module_preset=&#8221;default&#8221; text_font=&#8221;Montserrat||||||||&#8221; text_text_color=&#8221;#0b2349&#8243; text_font_size=&#8221;16px&#8221; text_line_height=&#8221;1.9em&#8221; hover_enabled=&#8221;0&#8243; global_colors_info=&#8221;{}&#8221; sticky_enabled=&#8221;0&#8243;]<div class=\"wpb_text_column wpb_content_element \">\n<div class=\"wpb_wrapper\">\n<ul>\n<li>\n<div id=\"main\" class=\"sidebar-none sidebar-divider-vertical\">\n<div class=\"wf-wrap\">\n<div class=\"wf-container-main\">\n<div id=\"content\" class=\"content\" role=\"main\">\n<div class=\"vc_row wpb_row vc_row-fluid flowing-text vc_custom_1618568934951\">\n<div class=\"wpb_column vc_column_container vc_col-sm-8 vc_col-sm-offset-2\">\n<div class=\"vc_column-inner\">\n<div class=\"wpb_wrapper\">\n<div class=\"wpb_text_column wpb_content_element \">\n<div class=\"wpb_wrapper\">\n<ul>\n<li>Minden Windt Technologies \u00e1ltal el\u0151\u00e1ll\u00edtott term\u00e9knek k\u00e9pesnek kell lennie extr\u00e9m k\u00f6r\u00fclm\u00e9nyek k\u00f6z\u00f6tt t\u00f6rt\u00e9n\u0151 szigetel\u00e9sre.<\/li>\n<li>A Windt Technologies megold\u00e1soknak k\u00f6lts\u00e9ghat\u00e9konynak kell lenni\u00fck, mely krit\u00e9riumot az \u00e9l\u0151 munkaer\u0151sz\u00fcks\u00e9glet cs\u00f6kkent\u00e9s\u00e9vel, a szigetel\u00e9si munk\u00e1k id\u0151tartam\u00e1nak ler\u00f6vid\u00edt\u00e9s\u00e9vel \u00e9rik el.<\/li>\n<\/ul>\n<\/div>\n<\/div>\n<div class=\"wpb_text_column wpb_content_element \">\n<div class=\"wpb_wrapper\">\n<p>A Windt Technologies alap term\u00e9ke a GWR Nano, mely tulajdonk\u00e9ppen minden tov\u00e1bbi term\u00e9k alapj\u00e1t k\u00e9pez\u0151, az eredeti anyag\u00f6sszet\u00e9tellel k\u00e9sz\u00fclt protot\u00edpus, melyet ma m\u00e1r sz\u00e9les k\u00f6rben, t\u00f6bb orsz\u00e1gban alkalmaznak a hagyom\u00e1nyos \u00e9p\u00edt\u00e9szet mellett a sportl\u00e9tes\u00edtm\u00e9nyek, hadiipari l\u00e9tes\u00edtm\u00e9nyek \u00e9s egy\u00e9b, t\u00f6k\u00e9letesen stabil, extr\u00e9m k\u00f6r\u00fclm\u00e9nyek k\u00f6z\u00f6tt is magas min\u0151s\u00e9get elv\u00e1r\u00f3 \u00e9p\u00fcletek szigetel\u00e9s\u00e9n\u00e9l. A Windt Technologies alapterm\u00e9k\u00e9re \u00e9p\u00edtve, azt tov\u00e1bbfejlesztve hozta l\u00e9tre a Tarrasch term\u00e9kcsal\u00e1dot, mely az \u00e9p\u00fcletek h\u0151- \u00e9s energiahat\u00e9konys\u00e1g\u00e1nak jelent\u0151s n\u00f6vel\u00e9s\u00e9t c\u00e9lozza.<\/p>\n<\/div>\n<\/div>\n<div class=\"wpb_text_column wpb_content_element \">\n<div class=\"wpb_wrapper\">\n<p>A Windt Technologies 2019-ben kezdte meg a kereskedelmi t\u00e1rgyal\u00e1sokat, \u00e9s 2020-ban jelent\u0151s n\u00f6veked\u00e9st realiz\u00e1lt. A partnerek els\u0151sorban a modern technol\u00f3gia ir\u00e1nt \u00e9rdekl\u0151d\u0151, pr\u00e9mium l\u00e9tes\u00edtm\u00e9nyeket, \u00e9p\u00fcleteket tervez\u0151 \u00e9s kivitelez\u0151 c\u00e9gek, befektet\u0151k, tulajdonosok.<\/p>\n<\/div>\n<\/div>\n<div class=\"wpb_text_column wpb_content_element \">\n<div class=\"wpb_wrapper\">\n<p>A Tarrasch term\u00e9kcsoport egyedi min\u0151s\u00e9g\u00e9re \u00e9s hat\u00e9konys\u00e1g\u00e1ra val\u00f3 tekintettel a Windt Technologiest a szakmai zs\u0171ri a Global Insulation Technology of the Year-nek v\u00e1lasztotta.<\/p>\n<\/div>\n<\/div>\n<\/div>\n<\/div>\n<\/div>\n<\/div>\n<\/div>\n<\/div>\n<\/div>\n<\/div>\n<footer id=\"footer\" class=\"footer solid-bg full-width empty-footer\">\n<div id=\"bottom-bar\" class=\"solid-bg logo-left\" role=\"contentinfo\">\n<div class=\"wf-wrap\">\n<div class=\"wf-container-bottom\">\n<div class=\"wf-float-left\">Minden jog fenntartva \u00a9 GWR Nano Insulation<\/div>\n<div class=\"wf-float-right\">\n<div class=\"mini-nav\"><\/div>\n<\/div>\n<\/div>\n<\/div>\n<\/div>\n<\/footer>\n<\/li>\n<\/ul>\n<\/div>\n<\/div>[\/et_pb_text][\/et_pb_column][\/et_pb_row][\/et_pb_section]\n","protected":false},"excerpt":{"rendered":"<p>WINDT TECHNOLOGIESA WINDT TECHNOLOGIES nanotechnol\u00f3giai fejleszt\u00e9sekkel, egyedi szigetel\u0151anyagok kutat\u00e1s\u00e1val, tesztel\u00e9s\u00e9vel \u00e9s el\u0151\u00e1ll\u00edt\u00e1s\u00e1val foglalkozik. A magyarorsz\u00e1gi k\u00f6zpont\u00fa c\u00e9g 2014-ben kiz\u00e1r\u00f3lagos gy\u00e1rt\u00e1si jogot szerzett a t\u00f6bb orsz\u00e1g hadiipar\u00e1ban m\u00e1r \u00e9vtizedek \u00f3ta alkalmazott nanotechnol\u00f3giai alapanyagra, mely vil\u00e1gviszonylatban akkor m\u00e9g ismeretlen volt, viszont a hagyom\u00e1nyos szigetel\u0151anyagokhoz k\u00e9pest egy teljesen m\u00e1s min\u0151s\u00e9get, hat\u00e9konys\u00e1got, felhaszn\u00e1l\u00e1si lehet\u0151s\u00e9get biztos\u00edtott.A Windt Technologies n\u00e9gy\u00e9ves kutat\u00e1st [&hellip;]<\/p>\n","protected":false},"author":1,"featured_media":0,"parent":0,"menu_order":0,"comment_status":"closed","ping_status":"closed","template":"","meta":{"_et_pb_use_builder":"on","_et_pb_old_content":"<!-- wp:divi\/placeholder \/-->","_et_gb_content_width":"","footnotes":""},"class_list":["post-16","page","type-page","status-publish","hentry"],"_links":{"self":[{"href":"https:\/\/windttechnologies.hu\/index.php\/wp-json\/wp\/v2\/pages\/16","targetHints":{"allow":["GET"]}}],"collection":[{"href":"https:\/\/windttechnologies.hu\/index.php\/wp-json\/wp\/v2\/pages"}],"about":[{"href":"https:\/\/windttechnologies.hu\/index.php\/wp-json\/wp\/v2\/types\/page"}],"author":[{"embeddable":true,"href":"https:\/\/windttechnologies.hu\/index.php\/wp-json\/wp\/v2\/users\/1"}],"replies":[{"embeddable":true,"href":"https:\/\/windttechnologies.hu\/index.php\/wp-json\/wp\/v2\/comments?post=16"}],"version-history":[{"count":10,"href":"https:\/\/windttechnologies.hu\/index.php\/wp-json\/wp\/v2\/pages\/16\/revisions"}],"predecessor-version":[{"id":138,"href":"https:\/\/windttechnologies.hu\/index.php\/wp-json\/wp\/v2\/pages\/16\/revisions\/138"}],"wp:attachment":[{"href":"https:\/\/windttechnologies.hu\/index.php\/wp-json\/wp\/v2\/media?parent=16"}],"curies":[{"name":"wp","href":"https:\/\/api.w.org\/{rel}","templated":true}]}}