{"id":139,"date":"2024-03-26T13:31:31","date_gmt":"2024-03-26T13:31:31","guid":{"rendered":"https:\/\/windttechnologies.hu\/?page_id=139"},"modified":"2024-03-26T13:33:33","modified_gmt":"2024-03-26T13:33:33","slug":"cookiesuti-tajekoztato","status":"publish","type":"page","link":"https:\/\/windttechnologies.hu\/index.php\/cookiesuti-tajekoztato\/","title":{"rendered":"COOKIE(S\u00dcTI) T\u00c1J\u00c9KOZTAT\u00d3"},"content":{"rendered":"<p>[et_pb_section fb_built=&#8221;1&#8243; theme_builder_area=&#8221;post_content&#8221; _builder_version=&#8221;4.24.2&#8243; _module_preset=&#8221;default&#8221;][et_pb_row _builder_version=&#8221;4.24.2&#8243; _module_preset=&#8221;default&#8221; theme_builder_area=&#8221;post_content&#8221;][et_pb_column _builder_version=&#8221;4.24.2&#8243; _module_preset=&#8221;default&#8221; type=&#8221;4_4&#8243; theme_builder_area=&#8221;post_content&#8221;][et_pb_text _builder_version=&#8221;4.24.2&#8243; _module_preset=&#8221;default&#8221; theme_builder_area=&#8221;post_content&#8221; text_font=&#8221;Montserrat||||||||&#8221; hover_enabled=&#8221;0&#8243; sticky_enabled=&#8221;0&#8243;]<\/p>\n<h2>COOKIE(S\u00dcTI) T\u00c1J\u00c9KOZTAT\u00d3<\/h2>\n<p>\u00c1ltal\u00e1ban a cookie-kr\u00f3l<span>\u00a0<\/span><a href=\"https:\/\/en.wikipedia.org\/wiki\/HTTP_cookie\" target=\"_blank\" rel=\"noopener noreferrer\">itt<\/a><span>\u00a0<\/span>t\u00e1j\u00e9koz\u00f3dhat.<\/p>\n<h3>SZ\u00dcKS\u00c9GES COOKIE-K<\/h3>\n<p>A sz\u00fcks\u00e9ges cookie-k lehet\u0151v\u00e9 teszik, hogy olyan inform\u00e1ci\u00f3t jegyezz\u00fcnk meg, melyek els\u0151sorban az oldal m\u0171k\u00f6d\u00e9s\u00e9vel \u00e1llnak kapcsolatban. A sz\u00fcks\u00e9ges cookie-k szolg\u00e1lhatnak tov\u00e1bb\u00e1 analitikai c\u00e9lt, illetve az oldalon fut\u00f3 hirdet\u00e9sek megjelen\u00edt\u00e9s\u00e9re.<br \/>A sz\u00fcks\u00e9ges cookie-k az al\u00e1bbi funkci\u00f3kat biztos\u00edtj\u00e1k: Google Analytics forgalomm\u00e9r\u00e9s.<\/p>\n<h3>FUNKCION\u00c1LIS COOKIE-K<\/h3>\n<p>A funkcion\u00e1lis cookie-k az \u00e9rdekl\u0151d\u00e9si k\u00f6rnek megfelel\u0151 hirdet\u00e9sek megjelen\u00edt\u00e9s\u00e9t szolg\u00e1lj\u00e1k.<br \/>A weboldal nem tartalmaz ilyen elemet.<\/p>\n<h3>KOMFORT COOKIE-K<\/h3>\n<p>A komfort cookie-k<span>\u00a0<\/span><strong>lehet\u0151v\u00e9 teszik az oldal teljes funkcionalit\u00e1s\u00e1nak a haszn\u00e1lat\u00e1t<\/strong>, \u00edgy szem\u00e9lyre sz\u00f3l\u00f3 tartalmak, hirdet\u00e9sek megjelen\u00edt\u00e9s\u00e9t \u00e9s k\u00fcld\u00e9s\u00e9t biztos\u00edtj\u00e1k a honlap haszn\u00e1lat\u00e1nak elemz\u00e9se \u00e1ltal, valamint visszajelz\u00e9ssel szolg\u00e1lnak szolg\u00e1ltat\u00e1saink ig\u00e9nybe v\u00e9tel\u00e9r\u0151l, ez\u00e1ltal hozz\u00e1j\u00e1rulnak azok ig\u00e9nyekre szabott tov\u00e1bbfejleszt\u00e9s\u00e9hez.<br \/>A weboldal nem tartalmaz ilyen elemet.<\/p>\n<p><strong>A cookie be\u00e1ll\u00edt\u00e1sokat b\u00e1rmikor megv\u00e1ltoztathatja b\u00f6ng\u00e9sz\u0151j\u00e9ben is.<\/strong><span>\u00a0<\/span>Az ehhez sz\u00fcks\u00e9ges \u00fatmutat\u00e1s\u00e9rt k\u00e9rj\u00fck, keresse fel b\u00f6ng\u00e9sz\u0151j\u00e9t:<span>\u00a0<\/span><strong><a href=\"https:\/\/www.google.com\/chrome\/\" target=\"_blank\" rel=\"noopener noreferrer\">Chrome<\/a>,<\/strong><span>\u00a0<\/span><strong><a href=\"https:\/\/www.mozilla.org\/hu\/firefox\/\" target=\"_blank\" rel=\"noopener noreferrer\">Firefox<\/a>,<\/strong><span>\u00a0<\/span><strong><a href=\"https:\/\/www.apple.com\/safari\/\" target=\"_blank\" rel=\"noopener noreferrer\">Safari<\/a>,<\/strong><span>\u00a0<\/span><strong><a href=\"https:\/\/www.microsoft.com\/hu-hu\/search\/result.aspx?q=internet+explorer\" target=\"_blank\" rel=\"noopener noreferrer\">Internet Explorer<\/a>,<\/strong><span>\u00a0<\/span><strong><a href=\"https:\/\/www.microsoft.com\/hu-hu\/windows\/microsoft-edge\" target=\"_blank\" rel=\"noopener noreferrer\">Microsoft Edge<\/a><\/strong><br \/>A Windt Technologies LTD.<span>\u00a0<\/span><strong>adatkezel\u00e9si t\u00e1j\u00e9koztat\u00f3j\u00e1t<span>\u00a0<\/span><a href=\"https:\/\/windttechnologies.com\/hu\/adatvedelmi-iranyelvek\/\" target=\"_blank\" rel=\"noopener noreferrer\">itt<\/a><span>\u00a0<\/span>\u00e9rheti el<\/strong>.<\/p>\n<p>[\/et_pb_text][\/et_pb_column][\/et_pb_row][\/et_pb_section]<\/p>\n","protected":false},"excerpt":{"rendered":"<p>COOKIE(S\u00dcTI) T\u00c1J\u00c9KOZTAT\u00d3 \u00c1ltal\u00e1ban a cookie-kr\u00f3l\u00a0itt\u00a0t\u00e1j\u00e9koz\u00f3dhat. SZ\u00dcKS\u00c9GES COOKIE-K A sz\u00fcks\u00e9ges cookie-k lehet\u0151v\u00e9 teszik, hogy olyan inform\u00e1ci\u00f3t jegyezz\u00fcnk meg, melyek els\u0151sorban az oldal m\u0171k\u00f6d\u00e9s\u00e9vel \u00e1llnak kapcsolatban. A sz\u00fcks\u00e9ges cookie-k szolg\u00e1lhatnak tov\u00e1bb\u00e1 analitikai c\u00e9lt, illetve az oldalon fut\u00f3 hirdet\u00e9sek megjelen\u00edt\u00e9s\u00e9re.A sz\u00fcks\u00e9ges cookie-k az al\u00e1bbi funkci\u00f3kat biztos\u00edtj\u00e1k: Google Analytics forgalomm\u00e9r\u00e9s. FUNKCION\u00c1LIS COOKIE-K A funkcion\u00e1lis cookie-k az \u00e9rdekl\u0151d\u00e9si k\u00f6rnek megfelel\u0151 [&hellip;]<\/p>\n","protected":false},"author":1,"featured_media":0,"parent":0,"menu_order":0,"comment_status":"closed","ping_status":"closed","template":"","meta":{"_et_pb_use_builder":"on","_et_pb_old_content":"","_et_gb_content_width":"","footnotes":""},"class_list":["post-139","page","type-page","status-publish","hentry"],"_links":{"self":[{"href":"https:\/\/windttechnologies.hu\/index.php\/wp-json\/wp\/v2\/pages\/139","targetHints":{"allow":["GET"]}}],"collection":[{"href":"https:\/\/windttechnologies.hu\/index.php\/wp-json\/wp\/v2\/pages"}],"about":[{"href":"https:\/\/windttechnologies.hu\/index.php\/wp-json\/wp\/v2\/types\/page"}],"author":[{"embeddable":true,"href":"https:\/\/windttechnologies.hu\/index.php\/wp-json\/wp\/v2\/users\/1"}],"replies":[{"embeddable":true,"href":"https:\/\/windttechnologies.hu\/index.php\/wp-json\/wp\/v2\/comments?post=139"}],"version-history":[{"count":3,"href":"https:\/\/windttechnologies.hu\/index.php\/wp-json\/wp\/v2\/pages\/139\/revisions"}],"predecessor-version":[{"id":142,"href":"https:\/\/windttechnologies.hu\/index.php\/wp-json\/wp\/v2\/pages\/139\/revisions\/142"}],"wp:attachment":[{"href":"https:\/\/windttechnologies.hu\/index.php\/wp-json\/wp\/v2\/media?parent=139"}],"curies":[{"name":"wp","href":"https:\/\/api.w.org\/{rel}","templated":true}]}}